{"id":424,"date":"2025-02-11T12:36:35","date_gmt":"2025-02-11T12:36:35","guid":{"rendered":"https:\/\/hydyam.com\/?page_id=424"},"modified":"2025-02-24T16:34:17","modified_gmt":"2025-02-24T16:34:17","slug":"etudes","status":"publish","type":"page","link":"https:\/\/hydyam.com\/?page_id=424","title":{"rendered":"Etudes hydrologiques et hydrauliques"},"content":{"rendered":"\n<div class=\"wp-block-columns alignfull is-layout-flex wp-container-core-columns-is-layout-cf05694f wp-block-columns-is-layout-flex\">\n<div class=\"wp-block-column is-layout-flow wp-block-column-is-layout-flow\" style=\"flex-basis:100%\">\n<h3 class=\"wp-block-heading\"><strong>Nous sommes des sp\u00e9cialistes en \u00e9tude D&#8217;hydrologie et d&#8217;hydraulique !<\/strong><\/h3>\n\n\n\n<p class=\"has-ast-global-color-3-color has-text-color has-link-color wp-elements-87091e0f94f1caf15fb5f1c812c21364\">HYDYAM FORAGES met \u00e0 votre service toute son expertise en hydrologie et hydraulique pour optimiser la gestion de vos ressources en eau. Notre \u00e9quipe pluridisciplinaire d&#8217;hydrog\u00e9ologues, hydrologues et hydrauliciens r\u00e9alise pour vous des \u00e9tudes personnalis\u00e9es afin de comprendre parfaitement le cycle de l&#8217;eau sur votre site ou votre bassin versant.<\/p>\n\n\n\n<div class=\"wp-block-columns is-layout-flex wp-container-core-columns-is-layout-28f84493 wp-block-columns-is-layout-flex\">\n<div class=\"wp-block-column is-layout-flow wp-block-column-is-layout-flow\">\n<figure class=\"wp-block-image size-large\"><img loading=\"lazy\" decoding=\"async\" width=\"768\" height=\"1024\" src=\"https:\/\/hydyam.com\/wp-content\/uploads\/2025\/02\/WhatsApp-Image-2025-02-11-at-09.26.08-768x1024.jpeg\" alt=\"\" class=\"wp-image-374\" srcset=\"https:\/\/hydyam.com\/wp-content\/uploads\/2025\/02\/WhatsApp-Image-2025-02-11-at-09.26.08-768x1024.jpeg 768w, https:\/\/hydyam.com\/wp-content\/uploads\/2025\/02\/WhatsApp-Image-2025-02-11-at-09.26.08-225x300.jpeg 225w, https:\/\/hydyam.com\/wp-content\/uploads\/2025\/02\/WhatsApp-Image-2025-02-11-at-09.26.08-9x12.jpeg 9w, https:\/\/hydyam.com\/wp-content\/uploads\/2025\/02\/WhatsApp-Image-2025-02-11-at-09.26.08.jpeg 810w\" sizes=\"auto, (max-width: 768px) 100vw, 768px\" \/><\/figure>\n<\/div>\n\n\n\n<div class=\"wp-block-column is-layout-flow wp-block-column-is-layout-flow\">\n<figure class=\"wp-block-image size-large\"><img loading=\"lazy\" decoding=\"async\" width=\"1024\" height=\"767\" src=\"https:\/\/hydyam.com\/wp-content\/uploads\/2025\/02\/WhatsApp-Image-2025-02-11-at-09.33.49-1024x767.jpeg\" alt=\"\" class=\"wp-image-379\" srcset=\"https:\/\/hydyam.com\/wp-content\/uploads\/2025\/02\/WhatsApp-Image-2025-02-11-at-09.33.49-1024x767.jpeg 1024w, https:\/\/hydyam.com\/wp-content\/uploads\/2025\/02\/WhatsApp-Image-2025-02-11-at-09.33.49-300x225.jpeg 300w, https:\/\/hydyam.com\/wp-content\/uploads\/2025\/02\/WhatsApp-Image-2025-02-11-at-09.33.49-768x575.jpeg 768w, https:\/\/hydyam.com\/wp-content\/uploads\/2025\/02\/WhatsApp-Image-2025-02-11-at-09.33.49-16x12.jpeg 16w, https:\/\/hydyam.com\/wp-content\/uploads\/2025\/02\/WhatsApp-Image-2025-02-11-at-09.33.49.jpeg 1080w\" sizes=\"auto, (max-width: 1024px) 100vw, 1024px\" \/><\/figure>\n<\/div>\n<\/div>\n\n\n\n<h3 class=\"wp-block-heading\"><strong>Notre m\u00e9thodologie<\/strong><\/h3>\n\n\n\n<p>Gr\u00e2ce \u00e0 des relev\u00e9s de terrain, des analyses en laboratoire et des mod\u00e9lisations avanc\u00e9es, nous \u00e9tablissons un diagnostic pr\u00e9cis de l&#8217;hydrologie de surface et souterraine. Nous caract\u00e9risons les nappes aquif\u00e8res, les \u00e9coulements naturels, les transferts entre eaux superficielles et souterraines. Sur cette base scientifique solide, nous sommes en mesure de vous conseiller sur les meilleures options d&#8217;am\u00e9nagement en fonction de vos besoins : irrigation raisonn\u00e9e, gestion optimis\u00e9e des pompages, protection de zones humides, am\u00e9nagement de cours d&#8217;eau, lutte contre les inondations, sch\u00e9ma d&#8217;alimentation en eau potable, assainissement pluvial&#8230;<\/p>\n\n\n\n<h3 class=\"wp-block-heading\"><strong>Domaines d&#8217;application<\/strong><\/h3>\n\n\n\n<p>Nos \u00e9tudes hydrauliques permettent \u00e9galement le dimensionnement pr\u00e9cis des ouvrages n\u00e9cessaires : stations de pompage, canaux, digues, bassins de r\u00e9tention, d\u00e9versoirs&#8230;Nous r\u00e9alisons les plans et les calculs r\u00e9glementaires pour garantir des installations parfaitement adapt\u00e9es et durables.<\/p>\n\n\n\n<h3 class=\"wp-block-heading\"><strong>Notre objectif<\/strong><\/h3>\n\n\n\n<p>Vous apporter une compr\u00e9hension claire du fonctionnement hydrique de votre site pour vous permettre de prendre les meilleures d\u00e9cisions. Optimiser la gestion de l&#8217;eau, c&#8217;est garantir la p\u00e9rennit\u00e9 de votre activit\u00e9 et le respect de l\u2019environnement. Confiez vos projets \u00e0 nos experts ! Nous sommes \u00e0 votre \u00e9coute pour r\u00e9pondre pr\u00e9cis\u00e9ment \u00e0 votre besoin en termes d\u2019\u00e9tudes hydrologiques et hydrauliques.<\/p>\n\n\n\n<figure class=\"wp-block-image size-full\"><img decoding=\"async\" src=\"https:\/\/hydyam.com\/wp-content\/uploads\/2025\/02\/Design-sans-titre-18-1.png\" alt=\"\" class=\"wp-image-478\"\/><\/figure>\n<\/div>\n\n\n\n<div class=\"wp-block-column is-layout-flow wp-block-column-is-layout-flow\" style=\"flex-basis:33.33%\"><span class='mb-center maxbutton-1-center'><span class='maxbutton-1-container mb-container'><a class=\"maxbutton-1 maxbutton maxbutton-forage\" href=\"\/?page_id=404\"><span class='mb-text'>R\u00e9alisation de forage d&#039;eau potable<\/span><\/a><\/span><\/span>\n\n\n<span class='mb-center maxbutton-2-center'><span class='maxbutton-2-container mb-container'><a class=\"maxbutton-2 maxbutton maxbutton-analyse\" href=\"\/?page_id=417\"><span class='mb-text'>Analyse de la qualit\u00e9 et traitement des eaux<\/span><\/a><\/span><\/span>\n\n\n<span class='mb-center maxbutton-3-center'><span class='maxbutton-3-container mb-container'><a class=\"maxbutton-3 maxbutton maxbutton-etudes-hydro\" href=\"\/?page_id=424\"><span class='mb-text'>Etudes hydrologiques et hydrauliques<\/span><\/a><\/span><\/span>\n\n\n<span class='mb-center maxbutton-4-center'><span class='maxbutton-4-container mb-container'><a class=\"maxbutton-4 maxbutton maxbutton-etudes-geo\" href=\"\/?page_id=430\"><span class='mb-text'>Etudes hydrog\u00e9ologiques et g\u00e9ophysiques<\/span><\/a><\/span><\/span>\n\n\n\n<div class=\"wp-block-group is-layout-constrained wp-container-core-group-is-layout-cc5218b1 wp-block-group-is-layout-constrained\" style=\"padding-top:var(--wp--preset--spacing--20);padding-right:var(--wp--preset--spacing--30);padding-bottom:var(--wp--preset--spacing--20);padding-left:var(--wp--preset--spacing--30)\">\n<h6 class=\"wp-block-heading has-text-align-center has-black-color has-text-color has-link-color wp-elements-f7a7190043ecf09b89ac57e2e8920414\" style=\"font-size:20px\"><strong>T\u00e9l\u00e9charger la plaquette<\/strong><\/h6>\n\n\n\n<p class=\"has-text-align-center\" style=\"font-size:14px\">D\u00e9couvrez dans notre plaquette les d\u00e9tails de nos proc\u00e9d\u00e9s et de notre m\u00e9thodologie, respectant ainsi les normes en vigueur.<\/p>\n\n\n\n<div class=\"wp-block-buttons is-layout-flex wp-block-buttons-is-layout-flex\">\n<div class=\"wp-block-button has-custom-width wp-block-button__width-100 has-custom-font-size\" style=\"font-size:13px\"><a class=\"wp-block-button__link has-text-align-center wp-element-button\" href=\"https:\/\/hydyam.com\/wp-content\/uploads\/2025\/03\/Plaquette_hydyam.pdf\">Cliquez ici<\/a><\/div>\n<\/div>\n<\/div>\n<\/div>\n<\/div>\n\n\n\n<div class=\"wp-block-group alignfull has-background-color has-white-color has-ast-global-color-2-background-color has-text-color has-background has-link-color wp-elements-e6ed742e9ead14a53f9d4218c476a6b5 is-vertical is-content-justification-center is-layout-flex wp-container-core-group-is-layout-25684123 wp-block-group-is-layout-flex\" style=\"min-height:40vh;margin-top:0;margin-bottom:0;padding-top:var(--wp--preset--spacing--60);padding-right:var(--wp--preset--spacing--40);padding-bottom:var(--wp--preset--spacing--60);padding-left:var(--wp--preset--spacing--40)\">\n<div class=\"wp-block-columns alignwide has-small-font-size is-layout-flex wp-container-core-columns-is-layout-28f84493 wp-block-columns-is-layout-flex\">\n<div class=\"wp-block-column is-layout-flow wp-block-column-is-layout-flow\">\n<figure class=\"wp-block-image size-full is-resized\"><img loading=\"lazy\" decoding=\"async\" width=\"648\" height=\"700\" src=\"https:\/\/hydyam.com\/wp-content\/uploads\/2025\/01\/Logo.jpg\" alt=\"\" class=\"wp-image-21\" style=\"width:116px;height:auto\" srcset=\"https:\/\/hydyam.com\/wp-content\/uploads\/2025\/01\/Logo.jpg 648w, https:\/\/hydyam.com\/wp-content\/uploads\/2025\/01\/Logo-278x300.jpg 278w, https:\/\/hydyam.com\/wp-content\/uploads\/2025\/01\/Logo-11x12.jpg 11w\" sizes=\"auto, (max-width: 648px) 100vw, 648px\" \/><\/figure>\n\n\n\n<p class=\"has-text-align-left\">Notre \u00e9quipe de professionnels exp\u00e9riment\u00e9s vous accompagne dans vos projets. Avec HYDYAM FORAGES, vous \u00eates certains de b\u00e9n\u00e9ficier d\u2019une eau potable saine et abondante.<\/p>\n\n\n\n<div class=\"wp-block-group is-nowrap is-layout-flex wp-container-core-group-is-layout-6c531013 wp-block-group-is-layout-flex\">\n<figure class=\"wp-block-image size-full wp-duotone-000000-var--ast-global-color-5-1\"><a href=\"https:\/\/web.facebook.com\/hydamforages\/?locale=fr_FR&amp;_rdc=1&amp;_rdr#\" target=\"_blank\" rel=\" noreferrer noopener\"><img loading=\"lazy\" decoding=\"async\" width=\"32\" height=\"32\" src=\"https:\/\/hydyam.com\/wp-content\/uploads\/2025\/02\/facebook.png\" alt=\"\" class=\"wp-image-195\" srcset=\"https:\/\/hydyam.com\/wp-content\/uploads\/2025\/02\/facebook.png 32w, https:\/\/hydyam.com\/wp-content\/uploads\/2025\/02\/facebook-12x12.png 12w\" sizes=\"auto, (max-width: 32px) 100vw, 32px\" \/><\/a><\/figure>\n\n\n\n<figure class=\"wp-block-image size-full wp-duotone-000000-var--ast-global-color-5-2\"><img loading=\"lazy\" decoding=\"async\" width=\"32\" height=\"32\" src=\"https:\/\/hydyam.com\/wp-content\/uploads\/2025\/02\/instagram.png\" alt=\"\" class=\"wp-image-194\" srcset=\"https:\/\/hydyam.com\/wp-content\/uploads\/2025\/02\/instagram.png 32w, https:\/\/hydyam.com\/wp-content\/uploads\/2025\/02\/instagram-12x12.png 12w\" sizes=\"auto, (max-width: 32px) 100vw, 32px\" \/><\/figure>\n\n\n\n<figure class=\"wp-block-image size-full\"><a href=\"https:\/\/cm.linkedin.com\/company\/hydyam-forages-sarl\" target=\"_blank\" rel=\" noreferrer noopener\"><img loading=\"lazy\" decoding=\"async\" width=\"32\" height=\"32\" src=\"https:\/\/hydyam.com\/wp-content\/uploads\/2025\/02\/linkedin-1.png\" alt=\"\" class=\"wp-image-197\" srcset=\"https:\/\/hydyam.com\/wp-content\/uploads\/2025\/02\/linkedin-1.png 32w, https:\/\/hydyam.com\/wp-content\/uploads\/2025\/02\/linkedin-1-12x12.png 12w\" sizes=\"auto, (max-width: 32px) 100vw, 32px\" \/><\/a><\/figure>\n<\/div>\n<\/div>\n\n\n\n<div class=\"wp-block-column is-layout-flow wp-block-column-is-layout-flow\">\n<p class=\"has-text-align-center has-medium-font-size\"><strong>Nos Services<\/strong><\/p>\n\n\n\n<ul class=\"wp-block-list\">\n<li><a href=\"https:\/\/hydyam.com\/?page_id=404\" data-type=\"page\" data-id=\"404\">R\u00e9alisation de forages d&#8217;eau potable<\/a><\/li>\n\n\n\n<li><a href=\"https:\/\/hydyam.com\/?page_id=417\" data-type=\"page\" data-id=\"417\">Analyse de la qualit\u00e9 et traitement des eaux<\/a><\/li>\n\n\n\n<li><a href=\"https:\/\/hydyam.com\/?page_id=424\" data-type=\"page\" data-id=\"424\">Etudes hydrologiques et hydrauliques<\/a><\/li>\n\n\n\n<li><a href=\"https:\/\/hydyam.com\/?page_id=430\" data-type=\"page\" data-id=\"430\">Etudes hydrog\u00e9ologiques et g\u00e9ophysiques<\/a><\/li>\n<\/ul>\n<\/div>\n\n\n\n<div class=\"wp-block-column is-layout-flow wp-block-column-is-layout-flow\">\n<p class=\"has-text-align-center has-medium-font-size\"><strong>T\u00e9l\u00e9charger notre Plaquette<\/strong><\/p>\n\n\n\n<div class=\"wp-block-group is-vertical is-content-justification-center is-layout-flex wp-container-core-group-is-layout-0e868306 wp-block-group-is-layout-flex\">\n<p class=\"has-cyan-bluish-gray-color has-text-color has-link-color wp-elements-0edfb14cf4c085d217eca6af63027645\">D\u00e9couvrez dans notre plaquette les d\u00e9tails de nos proc\u00e9d\u00e9s et de notre m\u00e9thodologie, respectant ainsi les normes en vigueur.<\/p>\n\n\n\n<p class=\"has-text-align-left has-cyan-bluish-gray-color has-text-color has-link-color wp-elements-530e95cd62041c6aadac1f34916d6c87\"><strong><a href=\"https:\/\/hydyam.com\/?page_id=404\" data-type=\"page\" data-id=\"404\">Plaquette HYDYAM<\/a><\/strong><\/p>\n<\/div>\n\n\n\n<div style=\"height:24px\" aria-hidden=\"true\" class=\"wp-block-spacer\"><\/div>\n<\/div>\n<\/div>\n\n\n\n<div class=\"wp-block-group has-medium-font-size is-horizontal is-content-justification-space-between is-nowrap is-layout-flex wp-container-core-group-is-layout-60acd404 wp-block-group-is-layout-flex\" style=\"margin-top:0;margin-bottom:0\">\n<div class=\"wp-block-media-text is-stacked-on-mobile has-small-font-size\" style=\"grid-template-columns:19% auto\"><figure class=\"wp-block-media-text__media\"><img loading=\"lazy\" decoding=\"async\" width=\"64\" height=\"64\" src=\"https:\/\/hydyam.com\/wp-content\/uploads\/2025\/02\/e-mail.png\" alt=\"\" class=\"wp-image-177 size-full\" srcset=\"https:\/\/hydyam.com\/wp-content\/uploads\/2025\/02\/e-mail.png 64w, https:\/\/hydyam.com\/wp-content\/uploads\/2025\/02\/e-mail-12x12.png 12w\" sizes=\"auto, (max-width: 64px) 100vw, 64px\" \/><\/figure><div class=\"wp-block-media-text__content\">\n<p>info@hydyam.com<\/p>\n\n\n\n<p class=\"has-cyan-bluish-gray-color has-text-color has-link-color wp-elements-e9f4b1aff01fcaf733d3915f0b67f78c\">Envoyez-nous un message<\/p>\n<\/div><\/div>\n\n\n\n<div class=\"wp-block-media-text is-stacked-on-mobile has-small-font-size\" style=\"grid-template-columns:24% auto\"><figure class=\"wp-block-media-text__media\"><img loading=\"lazy\" decoding=\"async\" width=\"64\" height=\"64\" src=\"https:\/\/hydyam.com\/wp-content\/uploads\/2025\/02\/appel-telephonique.png\" alt=\"\" class=\"wp-image-178 size-full\" srcset=\"https:\/\/hydyam.com\/wp-content\/uploads\/2025\/02\/appel-telephonique.png 64w, https:\/\/hydyam.com\/wp-content\/uploads\/2025\/02\/appel-telephonique-12x12.png 12w\" sizes=\"auto, (max-width: 64px) 100vw, 64px\" \/><\/figure><div class=\"wp-block-media-text__content\">\n<p>+237 674 38 81 88<\/p>\n\n\n\n<p class=\"has-cyan-bluish-gray-color has-text-color has-link-color wp-elements-874ca1decaae551c341bb08a10b672af\">Appelez-nous<\/p>\n<\/div><\/div>\n\n\n\n<div class=\"wp-block-media-text is-stacked-on-mobile has-small-font-size\" style=\"margin-top:0;margin-bottom:0;padding-top:0;padding-right:0;padding-bottom:0;padding-left:0;grid-template-columns:15% auto\"><figure class=\"wp-block-media-text__media\"><img loading=\"lazy\" decoding=\"async\" width=\"64\" height=\"64\" src=\"https:\/\/hydyam.com\/wp-content\/uploads\/2025\/02\/gps.png\" alt=\"\" class=\"wp-image-179 size-full\" srcset=\"https:\/\/hydyam.com\/wp-content\/uploads\/2025\/02\/gps.png 64w, https:\/\/hydyam.com\/wp-content\/uploads\/2025\/02\/gps-12x12.png 12w\" sizes=\"auto, (max-width: 64px) 100vw, 64px\" \/><\/figure><div class=\"wp-block-media-text__content\">\n<div class=\"wp-block-group is-layout-constrained wp-block-group-is-layout-constrained\">\n<div class=\"wp-block-group is-layout-constrained wp-block-group-is-layout-constrained\">\n<p class=\"has-small-font-size\"><strong>168, route Japoma, Douala, Cameroon<\/strong><\/p>\n\n\n\n<p class=\"has-cyan-bluish-gray-color has-text-color has-link-color wp-elements-8990219c40321178035b039ada4fee4d\">Nos locaux<\/p>\n<\/div>\n<\/div>\n<\/div><\/div>\n<\/div>\n\n\n\n<div class=\"wp-block-group alignwide is-content-justification-center is-layout-flex wp-container-core-group-is-layout-c124d1c4 wp-block-group-is-layout-flex\">\n<p class=\"has-text-align-center has-medium-font-size\">Copyright 2025 HYDYAM FORAGES Sarl, All rights reserved.<\/p>\n<\/div>\n<\/div>\n","protected":false},"excerpt":{"rendered":"<p>Nous sommes des sp\u00e9cialistes en \u00e9tude D&#8217;hydrologie et d&#8217;hydraulique ! HYDYAM FORAGES met \u00e0 votre service toute son expertise en [&hellip;]<\/p>\n","protected":false},"author":1,"featured_media":0,"parent":0,"menu_order":0,"comment_status":"closed","ping_status":"closed","template":"","meta":{"site-sidebar-layout":"default","site-content-layout":"","ast-site-content-layout":"","site-content-style":"default","site-sidebar-style":"default","ast-global-header-display":"","ast-banner-title-visibility":"","ast-main-header-display":"","ast-hfb-above-header-display":"","ast-hfb-below-header-display":"","ast-hfb-mobile-header-display":"","site-post-title":"disabled","ast-breadcrumbs-content":"","ast-featured-img":"","footer-sml-layout":"","ast-disable-related-posts":"","theme-transparent-header-meta":"","adv-header-id-meta":"","stick-header-meta":"","header-above-stick-meta":"","header-main-stick-meta":"","header-below-stick-meta":"","astra-migrate-meta-layouts":"default","ast-page-background-enabled":"default","ast-page-background-meta":{"desktop":{"background-color":"var(--ast-global-color-5)","background-image":"","background-repeat":"repeat","background-position":"center center","background-size":"auto","background-attachment":"scroll","background-type":"","background-media":"","overlay-type":"","overlay-color":"","overlay-opacity":"","overlay-gradient":""},"tablet":{"background-color":"","background-image":"","background-repeat":"repeat","background-position":"center center","background-size":"auto","background-attachment":"scroll","background-type":"","background-media":"","overlay-type":"","overlay-color":"","overlay-opacity":"","overlay-gradient":""},"mobile":{"background-color":"","background-image":"","background-repeat":"repeat","background-position":"center center","background-size":"auto","background-attachment":"scroll","background-type":"","background-media":"","overlay-type":"","overlay-color":"","overlay-opacity":"","overlay-gradient":""}},"ast-content-background-meta":{"desktop":{"background-color":"var(--ast-global-color-4)","background-image":"","background-repeat":"repeat","background-position":"center center","background-size":"auto","background-attachment":"scroll","background-type":"","background-media":"","overlay-type":"","overlay-color":"","overlay-opacity":"","overlay-gradient":""},"tablet":{"background-color":"var(--ast-global-color-4)","background-image":"","background-repeat":"repeat","background-position":"center center","background-size":"auto","background-attachment":"scroll","background-type":"","background-media":"","overlay-type":"","overlay-color":"","overlay-opacity":"","overlay-gradient":""},"mobile":{"background-color":"var(--ast-global-color-4)","background-image":"","background-repeat":"repeat","background-position":"center center","background-size":"auto","background-attachment":"scroll","background-type":"","background-media":"","overlay-type":"","overlay-color":"","overlay-opacity":"","overlay-gradient":""}},"footnotes":""},"class_list":["post-424","page","type-page","status-publish","hentry"],"brizy_media":[],"_links":{"self":[{"href":"https:\/\/hydyam.com\/index.php?rest_route=\/wp\/v2\/pages\/424","targetHints":{"allow":["GET"]}}],"collection":[{"href":"https:\/\/hydyam.com\/index.php?rest_route=\/wp\/v2\/pages"}],"about":[{"href":"https:\/\/hydyam.com\/index.php?rest_route=\/wp\/v2\/types\/page"}],"author":[{"embeddable":true,"href":"https:\/\/hydyam.com\/index.php?rest_route=\/wp\/v2\/users\/1"}],"replies":[{"embeddable":true,"href":"https:\/\/hydyam.com\/index.php?rest_route=%2Fwp%2Fv2%2Fcomments&post=424"}],"version-history":[{"count":5,"href":"https:\/\/hydyam.com\/index.php?rest_route=\/wp\/v2\/pages\/424\/revisions"}],"predecessor-version":[{"id":510,"href":"https:\/\/hydyam.com\/index.php?rest_route=\/wp\/v2\/pages\/424\/revisions\/510"}],"wp:attachment":[{"href":"https:\/\/hydyam.com\/index.php?rest_route=%2Fwp%2Fv2%2Fmedia&parent=424"}],"curies":[{"name":"wp","href":"https:\/\/api.w.org\/{rel}","templated":true}]}}