{"id":282,"date":"2025-02-10T14:51:40","date_gmt":"2025-02-10T14:51:40","guid":{"rendered":"https:\/\/hydyam.com\/?page_id=282"},"modified":"2025-02-10T15:30:07","modified_gmt":"2025-02-10T15:30:07","slug":"realisations","status":"publish","type":"page","link":"https:\/\/hydyam.com\/?page_id=282","title":{"rendered":"R\u00e9alisations"},"content":{"rendered":"\n<div style=\"height:181px\" aria-hidden=\"true\" class=\"wp-block-spacer\"><\/div>\n\n\n\n<h2 class=\"wp-block-heading has-text-align-center\">Nos r\u00e9alisations<\/h2>\n\n\n\n<h4 class=\"wp-block-heading has-text-align-center has-ast-global-color-3-color has-text-color has-link-color wp-elements-40d57d6bdae84869bacba69ba454a0c7\">D\u00e9couvrez en image quelques unes de nos r\u00e9alisations.<\/h4>\n\n\n<div id=\"metaslider-id-285\" style=\"width: 100%; margin: 0 auto;\" class=\"ml-slider-3-108-0 metaslider metaslider-flex metaslider-285 ml-slider has-dots-nav has-carousel-mode ms-theme-highway\" role=\"region\" aria-label=\"Nouveau diaporama\" data-height=\"600\" data-width=\"700\">\n    <div id=\"metaslider_container_285\">\n        <div id=\"metaslider_285\">\n            <ul class='slides'>\n                <li style=\"display: none; width: 100%;\" class=\"slide-383 ms-image \" aria-roledescription=\"slide\" data-date=\"2025-02-11 09:02:39\" data-filename=\"WhatsApp-Image-2025-02-11-at-08.33.35-700x600.jpeg\" data-slide-type=\"image\"><img loading=\"lazy\" decoding=\"async\" src=\"https:\/\/hydyam.com\/wp-content\/uploads\/2025\/02\/WhatsApp-Image-2025-02-11-at-08.33.35-700x600.jpeg\" height=\"600\" width=\"700\" alt=\"\" class=\"slider-285 slide-383 msDefaultImage\" title=\"WhatsApp Image 2025-02-11 at 08.33.35\" \/><\/li>\n                <li style=\"display: none; width: 100%;\" class=\"slide-384 ms-image \" aria-roledescription=\"slide\" data-date=\"2025-02-11 09:02:39\" data-filename=\"WhatsApp-Image-2025-02-11-at-08.33.36-700x600.jpeg\" data-slide-type=\"image\"><img loading=\"lazy\" decoding=\"async\" src=\"https:\/\/hydyam.com\/wp-content\/uploads\/2025\/02\/WhatsApp-Image-2025-02-11-at-08.33.36-700x600.jpeg\" height=\"600\" width=\"700\" alt=\"\" class=\"slider-285 slide-384 msDefaultImage\" title=\"WhatsApp Image 2025-02-11 at 08.33.36\" \/><\/li>\n                <li style=\"display: none; width: 100%;\" class=\"slide-385 ms-image \" aria-roledescription=\"slide\" data-date=\"2025-02-11 09:02:39\" data-filename=\"WhatsApp-Image-2025-02-11-at-08.34.58-700x600.jpeg\" data-slide-type=\"image\"><img loading=\"lazy\" decoding=\"async\" src=\"https:\/\/hydyam.com\/wp-content\/uploads\/2025\/02\/WhatsApp-Image-2025-02-11-at-08.34.58-700x600.jpeg\" height=\"600\" width=\"700\" alt=\"\" class=\"slider-285 slide-385 msDefaultImage\" title=\"WhatsApp Image 2025-02-11 at 08.34.58\" \/><\/li>\n                <li style=\"display: none; width: 100%;\" class=\"slide-386 ms-image \" aria-roledescription=\"slide\" data-date=\"2025-02-11 09:02:39\" data-filename=\"WhatsApp-Image-2025-02-11-at-08.34.59-700x600.jpeg\" data-slide-type=\"image\"><img loading=\"lazy\" decoding=\"async\" src=\"https:\/\/hydyam.com\/wp-content\/uploads\/2025\/02\/WhatsApp-Image-2025-02-11-at-08.34.59-700x600.jpeg\" height=\"600\" width=\"700\" alt=\"\" class=\"slider-285 slide-386 msDefaultImage\" title=\"WhatsApp Image 2025-02-11 at 08.34.59\" \/><\/li>\n                <li style=\"display: none; width: 100%;\" class=\"slide-387 ms-image \" aria-roledescription=\"slide\" data-date=\"2025-02-11 09:02:39\" data-filename=\"WhatsApp-Image-2025-02-11-at-08.35.00-700x600.jpeg\" data-slide-type=\"image\"><img loading=\"lazy\" decoding=\"async\" src=\"https:\/\/hydyam.com\/wp-content\/uploads\/2025\/02\/WhatsApp-Image-2025-02-11-at-08.35.00-700x600.jpeg\" height=\"600\" width=\"700\" alt=\"\" class=\"slider-285 slide-387 msDefaultImage\" title=\"WhatsApp Image 2025-02-11 at 08.35.00\" \/><\/li>\n                <li style=\"display: none; width: 100%;\" class=\"slide-388 ms-image \" aria-roledescription=\"slide\" data-date=\"2025-02-11 09:02:39\" data-filename=\"WhatsApp-Image-2025-02-11-at-08.35.01-450x385.jpeg\" data-slide-type=\"image\"><img loading=\"lazy\" decoding=\"async\" src=\"https:\/\/hydyam.com\/wp-content\/uploads\/2025\/02\/WhatsApp-Image-2025-02-11-at-08.35.01-450x385.jpeg\" height=\"600\" width=\"700\" alt=\"\" class=\"slider-285 slide-388 msDefaultImage\" title=\"WhatsApp Image 2025-02-11 at 08.35.01\" \/><\/li>\n                <li style=\"display: none; width: 100%;\" class=\"slide-389 ms-image \" aria-roledescription=\"slide\" data-date=\"2025-02-11 09:02:39\" data-filename=\"WhatsApp-Image-2025-02-11-at-08.35.02-700x600.jpeg\" data-slide-type=\"image\"><img loading=\"lazy\" decoding=\"async\" src=\"https:\/\/hydyam.com\/wp-content\/uploads\/2025\/02\/WhatsApp-Image-2025-02-11-at-08.35.02-700x600.jpeg\" height=\"600\" width=\"700\" alt=\"\" class=\"slider-285 slide-389 msDefaultImage\" title=\"WhatsApp Image 2025-02-11 at 08.35.02\" \/><\/li>\n                <li style=\"display: none; width: 100%;\" class=\"slide-390 ms-image \" aria-roledescription=\"slide\" data-date=\"2025-02-11 09:02:39\" data-filename=\"WhatsApp-Image-2025-02-11-at-08.35.03-700x600.jpeg\" data-slide-type=\"image\"><img loading=\"lazy\" decoding=\"async\" src=\"https:\/\/hydyam.com\/wp-content\/uploads\/2025\/02\/WhatsApp-Image-2025-02-11-at-08.35.03-700x600.jpeg\" height=\"600\" width=\"700\" alt=\"\" class=\"slider-285 slide-390 msDefaultImage\" title=\"WhatsApp Image 2025-02-11 at 08.35.03\" \/><\/li>\n                <li style=\"display: none; width: 100%;\" class=\"slide-391 ms-image \" aria-roledescription=\"slide\" data-date=\"2025-02-11 09:02:39\" data-filename=\"WhatsApp-Image-2025-02-11-at-09.26.04-567x486.jpeg\" data-slide-type=\"image\"><img loading=\"lazy\" decoding=\"async\" src=\"https:\/\/hydyam.com\/wp-content\/uploads\/2025\/02\/WhatsApp-Image-2025-02-11-at-09.26.04-567x486.jpeg\" height=\"600\" width=\"700\" alt=\"\" class=\"slider-285 slide-391 msDefaultImage\" title=\"WhatsApp Image 2025-02-11 at 09.26.04\" \/><\/li>\n                <li style=\"display: none; width: 100%;\" class=\"slide-392 ms-image \" aria-roledescription=\"slide\" data-date=\"2025-02-11 09:02:39\" data-filename=\"WhatsApp-Image-2025-02-11-at-09.26.08-700x600.jpeg\" data-slide-type=\"image\"><img loading=\"lazy\" decoding=\"async\" src=\"https:\/\/hydyam.com\/wp-content\/uploads\/2025\/02\/WhatsApp-Image-2025-02-11-at-09.26.08-700x600.jpeg\" height=\"600\" width=\"700\" alt=\"\" class=\"slider-285 slide-392 msDefaultImage\" title=\"WhatsApp Image 2025-02-11 at 09.26.08\" \/><\/li>\n                <li style=\"display: none; width: 100%;\" class=\"slide-393 ms-image \" aria-roledescription=\"slide\" data-date=\"2025-02-11 09:02:39\" data-filename=\"WhatsApp-Image-2025-02-11-at-09.26.10-700x600.jpeg\" data-slide-type=\"image\"><img loading=\"lazy\" decoding=\"async\" src=\"https:\/\/hydyam.com\/wp-content\/uploads\/2025\/02\/WhatsApp-Image-2025-02-11-at-09.26.10-700x600.jpeg\" height=\"600\" width=\"700\" alt=\"\" class=\"slider-285 slide-393 msDefaultImage\" title=\"WhatsApp Image 2025-02-11 at 09.26.10\" \/><\/li>\n                <li style=\"display: none; width: 100%;\" class=\"slide-394 ms-image \" aria-roledescription=\"slide\" data-date=\"2025-02-11 09:02:39\" data-filename=\"WhatsApp-Image-2025-02-11-at-09.33.38-700x600.jpeg\" data-slide-type=\"image\"><img loading=\"lazy\" decoding=\"async\" src=\"https:\/\/hydyam.com\/wp-content\/uploads\/2025\/02\/WhatsApp-Image-2025-02-11-at-09.33.38-700x600.jpeg\" height=\"600\" width=\"700\" alt=\"\" class=\"slider-285 slide-394 msDefaultImage\" title=\"WhatsApp Image 2025-02-11 at 09.33.38\" \/><\/li>\n                <li style=\"display: none; width: 100%;\" class=\"slide-395 ms-image \" aria-roledescription=\"slide\" data-date=\"2025-02-11 09:02:39\" data-filename=\"WhatsApp-Image-2025-02-11-at-09.33.43-700x600.jpeg\" data-slide-type=\"image\"><img loading=\"lazy\" decoding=\"async\" src=\"https:\/\/hydyam.com\/wp-content\/uploads\/2025\/02\/WhatsApp-Image-2025-02-11-at-09.33.43-700x600.jpeg\" height=\"600\" width=\"700\" alt=\"\" class=\"slider-285 slide-395 msDefaultImage\" title=\"WhatsApp Image 2025-02-11 at 09.33.43\" \/><\/li>\n                <li style=\"display: none; width: 100%;\" class=\"slide-396 ms-image \" aria-roledescription=\"slide\" data-date=\"2025-02-11 09:02:39\" data-filename=\"WhatsApp-Image-2025-02-11-at-09.33.46-700x600.jpeg\" data-slide-type=\"image\"><img loading=\"lazy\" decoding=\"async\" src=\"https:\/\/hydyam.com\/wp-content\/uploads\/2025\/02\/WhatsApp-Image-2025-02-11-at-09.33.46-700x600.jpeg\" height=\"600\" width=\"700\" alt=\"\" class=\"slider-285 slide-396 msDefaultImage\" title=\"WhatsApp Image 2025-02-11 at 09.33.46\" \/><\/li>\n                <li style=\"display: none; width: 100%;\" class=\"slide-397 ms-image \" aria-roledescription=\"slide\" data-date=\"2025-02-11 09:02:39\" data-filename=\"WhatsApp-Image-2025-02-11-at-09.33.49-700x600.jpeg\" data-slide-type=\"image\"><img loading=\"lazy\" decoding=\"async\" src=\"https:\/\/hydyam.com\/wp-content\/uploads\/2025\/02\/WhatsApp-Image-2025-02-11-at-09.33.49-700x600.jpeg\" height=\"600\" width=\"700\" alt=\"\" class=\"slider-285 slide-397 msDefaultImage\" title=\"WhatsApp Image 2025-02-11 at 09.33.49\" \/><\/li>\n                <li style=\"display: none; width: 100%;\" class=\"slide-398 ms-image \" aria-roledescription=\"slide\" data-date=\"2025-02-11 09:02:40\" data-filename=\"WhatsApp-Image-2025-02-11-at-09.34.56-700x600.jpeg\" data-slide-type=\"image\"><img loading=\"lazy\" decoding=\"async\" src=\"https:\/\/hydyam.com\/wp-content\/uploads\/2025\/02\/WhatsApp-Image-2025-02-11-at-09.34.56-700x600.jpeg\" height=\"600\" width=\"700\" alt=\"\" class=\"slider-285 slide-398 msDefaultImage\" title=\"WhatsApp Image 2025-02-11 at 09.34.56\" \/><\/li>\n                <li style=\"display: none; width: 100%;\" class=\"slide-399 ms-image \" aria-roledescription=\"slide\" data-date=\"2025-02-11 09:02:40\" data-filename=\"WhatsApp-Image-2025-02-11-at-09.34.57-700x600.jpeg\" data-slide-type=\"image\"><img loading=\"lazy\" decoding=\"async\" src=\"https:\/\/hydyam.com\/wp-content\/uploads\/2025\/02\/WhatsApp-Image-2025-02-11-at-09.34.57-700x600.jpeg\" height=\"600\" width=\"700\" alt=\"\" class=\"slider-285 slide-399 msDefaultImage\" title=\"WhatsApp Image 2025-02-11 at 09.34.57\" \/><\/li>\n                <li style=\"display: none; width: 100%;\" class=\"slide-400 ms-image \" aria-roledescription=\"slide\" data-date=\"2025-02-11 09:02:40\" data-filename=\"WhatsApp-Image-2025-02-11-at-09.34.59-700x600.jpeg\" data-slide-type=\"image\"><img loading=\"lazy\" decoding=\"async\" src=\"https:\/\/hydyam.com\/wp-content\/uploads\/2025\/02\/WhatsApp-Image-2025-02-11-at-09.34.59-700x600.jpeg\" height=\"600\" width=\"700\" alt=\"\" class=\"slider-285 slide-400 msDefaultImage\" title=\"WhatsApp Image 2025-02-11 at 09.34.59\" \/><\/li>\n            <\/ul>\n        <\/div>\n        \n    <\/div>\n<\/div>\n\n\n\n<div style=\"height:100px\" aria-hidden=\"true\" class=\"wp-block-spacer\"><\/div>\n\n\n\n<div class=\"wp-block-group alignfull has-background-color has-white-color has-ast-global-color-2-background-color has-text-color has-background has-link-color wp-elements-e6ed742e9ead14a53f9d4218c476a6b5 is-vertical is-content-justification-center is-layout-flex wp-container-core-group-is-layout-25684123 wp-block-group-is-layout-flex\" style=\"min-height:40vh;margin-top:0;margin-bottom:0;padding-top:var(--wp--preset--spacing--60);padding-right:var(--wp--preset--spacing--40);padding-bottom:var(--wp--preset--spacing--60);padding-left:var(--wp--preset--spacing--40)\">\n<div class=\"wp-block-columns alignwide has-small-font-size is-layout-flex wp-container-core-columns-is-layout-28f84493 wp-block-columns-is-layout-flex\">\n<div class=\"wp-block-column is-layout-flow wp-block-column-is-layout-flow\">\n<figure class=\"wp-block-image size-full is-resized\"><img loading=\"lazy\" decoding=\"async\" width=\"648\" height=\"700\" src=\"https:\/\/hydyam.com\/wp-content\/uploads\/2025\/01\/Logo.jpg\" alt=\"\" class=\"wp-image-21\" style=\"width:116px;height:auto\" srcset=\"https:\/\/hydyam.com\/wp-content\/uploads\/2025\/01\/Logo.jpg 648w, https:\/\/hydyam.com\/wp-content\/uploads\/2025\/01\/Logo-278x300.jpg 278w, https:\/\/hydyam.com\/wp-content\/uploads\/2025\/01\/Logo-11x12.jpg 11w\" sizes=\"auto, (max-width: 648px) 100vw, 648px\" \/><\/figure>\n\n\n\n<p class=\"has-text-align-left\">Notre \u00e9quipe de professionnels exp\u00e9riment\u00e9s vous accompagne dans vos projets. Avec HYDYAM FORAGES, vous \u00eates certains de b\u00e9n\u00e9ficier d\u2019une eau potable saine et abondante.<\/p>\n\n\n\n<div class=\"wp-block-group is-nowrap is-layout-flex wp-container-core-group-is-layout-6c531013 wp-block-group-is-layout-flex\">\n<figure class=\"wp-block-image size-full wp-duotone-000000-var--ast-global-color-5-1\"><a href=\"https:\/\/web.facebook.com\/hydamforages\/?locale=fr_FR&amp;_rdc=1&amp;_rdr#\" target=\"_blank\" rel=\" noreferrer noopener\"><img loading=\"lazy\" decoding=\"async\" width=\"32\" height=\"32\" src=\"https:\/\/hydyam.com\/wp-content\/uploads\/2025\/02\/facebook.png\" alt=\"\" class=\"wp-image-195\" srcset=\"https:\/\/hydyam.com\/wp-content\/uploads\/2025\/02\/facebook.png 32w, https:\/\/hydyam.com\/wp-content\/uploads\/2025\/02\/facebook-12x12.png 12w\" sizes=\"auto, (max-width: 32px) 100vw, 32px\" \/><\/a><\/figure>\n\n\n\n<figure class=\"wp-block-image size-full wp-duotone-000000-var--ast-global-color-5-2\"><img loading=\"lazy\" decoding=\"async\" width=\"32\" height=\"32\" src=\"https:\/\/hydyam.com\/wp-content\/uploads\/2025\/02\/instagram.png\" alt=\"\" class=\"wp-image-194\" srcset=\"https:\/\/hydyam.com\/wp-content\/uploads\/2025\/02\/instagram.png 32w, https:\/\/hydyam.com\/wp-content\/uploads\/2025\/02\/instagram-12x12.png 12w\" sizes=\"auto, (max-width: 32px) 100vw, 32px\" \/><\/figure>\n\n\n\n<figure class=\"wp-block-image size-full\"><a href=\"https:\/\/cm.linkedin.com\/company\/hydyam-forages-sarl\" target=\"_blank\" rel=\" noreferrer noopener\"><img loading=\"lazy\" decoding=\"async\" width=\"32\" height=\"32\" src=\"https:\/\/hydyam.com\/wp-content\/uploads\/2025\/02\/linkedin-1.png\" alt=\"\" class=\"wp-image-197\" srcset=\"https:\/\/hydyam.com\/wp-content\/uploads\/2025\/02\/linkedin-1.png 32w, https:\/\/hydyam.com\/wp-content\/uploads\/2025\/02\/linkedin-1-12x12.png 12w\" sizes=\"auto, (max-width: 32px) 100vw, 32px\" \/><\/a><\/figure>\n<\/div>\n<\/div>\n\n\n\n<div class=\"wp-block-column is-layout-flow wp-block-column-is-layout-flow\">\n<p class=\"has-text-align-center has-medium-font-size\"><strong>Nos Services<\/strong><\/p>\n\n\n\n<ul class=\"wp-block-list\">\n<li><a href=\"https:\/\/hydyam.com\/?page_id=404\" data-type=\"page\" data-id=\"404\">R\u00e9alisation de forages d&#8217;eau potable<\/a><\/li>\n\n\n\n<li><a href=\"https:\/\/hydyam.com\/?page_id=417\" data-type=\"page\" data-id=\"417\">Analyse de la qualit\u00e9 et traitement des eaux<\/a><\/li>\n\n\n\n<li><a href=\"https:\/\/hydyam.com\/?page_id=424\" data-type=\"page\" data-id=\"424\">Etudes hydrologiques et hydrauliques<\/a><\/li>\n\n\n\n<li><a href=\"https:\/\/hydyam.com\/?page_id=430\" data-type=\"page\" data-id=\"430\">Etudes hydrog\u00e9ologiques et g\u00e9ophysiques<\/a><\/li>\n<\/ul>\n<\/div>\n\n\n\n<div class=\"wp-block-column is-layout-flow wp-block-column-is-layout-flow\">\n<p class=\"has-text-align-center has-medium-font-size\"><strong>T\u00e9l\u00e9charger notre Plaquette<\/strong><\/p>\n\n\n\n<div class=\"wp-block-group is-vertical is-content-justification-center is-layout-flex wp-container-core-group-is-layout-0e868306 wp-block-group-is-layout-flex\">\n<p class=\"has-cyan-bluish-gray-color has-text-color has-link-color wp-elements-0edfb14cf4c085d217eca6af63027645\">D\u00e9couvrez dans notre plaquette les d\u00e9tails de nos proc\u00e9d\u00e9s et de notre m\u00e9thodologie, respectant ainsi les normes en vigueur.<\/p>\n\n\n\n<p class=\"has-text-align-left has-cyan-bluish-gray-color has-text-color has-link-color wp-elements-530e95cd62041c6aadac1f34916d6c87\"><strong><a href=\"https:\/\/hydyam.com\/?page_id=404\" data-type=\"page\" data-id=\"404\">Plaquette HYDYAM<\/a><\/strong><\/p>\n<\/div>\n\n\n\n<div style=\"height:24px\" aria-hidden=\"true\" class=\"wp-block-spacer\"><\/div>\n<\/div>\n<\/div>\n\n\n\n<div class=\"wp-block-group has-medium-font-size is-horizontal is-content-justification-space-between is-nowrap is-layout-flex wp-container-core-group-is-layout-60acd404 wp-block-group-is-layout-flex\" style=\"margin-top:0;margin-bottom:0\">\n<div class=\"wp-block-media-text is-stacked-on-mobile has-small-font-size\" style=\"grid-template-columns:19% auto\"><figure class=\"wp-block-media-text__media\"><img loading=\"lazy\" decoding=\"async\" width=\"64\" height=\"64\" src=\"https:\/\/hydyam.com\/wp-content\/uploads\/2025\/02\/e-mail.png\" alt=\"\" class=\"wp-image-177 size-full\" srcset=\"https:\/\/hydyam.com\/wp-content\/uploads\/2025\/02\/e-mail.png 64w, https:\/\/hydyam.com\/wp-content\/uploads\/2025\/02\/e-mail-12x12.png 12w\" sizes=\"auto, (max-width: 64px) 100vw, 64px\" \/><\/figure><div class=\"wp-block-media-text__content\">\n<p>info@hydyam.com<\/p>\n\n\n\n<p class=\"has-cyan-bluish-gray-color has-text-color has-link-color wp-elements-e9f4b1aff01fcaf733d3915f0b67f78c\">Envoyez-nous un message<\/p>\n<\/div><\/div>\n\n\n\n<div class=\"wp-block-media-text is-stacked-on-mobile has-small-font-size\" style=\"grid-template-columns:24% auto\"><figure class=\"wp-block-media-text__media\"><img loading=\"lazy\" decoding=\"async\" width=\"64\" height=\"64\" src=\"https:\/\/hydyam.com\/wp-content\/uploads\/2025\/02\/appel-telephonique.png\" alt=\"\" class=\"wp-image-178 size-full\" srcset=\"https:\/\/hydyam.com\/wp-content\/uploads\/2025\/02\/appel-telephonique.png 64w, https:\/\/hydyam.com\/wp-content\/uploads\/2025\/02\/appel-telephonique-12x12.png 12w\" sizes=\"auto, (max-width: 64px) 100vw, 64px\" \/><\/figure><div class=\"wp-block-media-text__content\">\n<p>+237 674 38 81 88<\/p>\n\n\n\n<p class=\"has-cyan-bluish-gray-color has-text-color has-link-color wp-elements-874ca1decaae551c341bb08a10b672af\">Appelez-nous<\/p>\n<\/div><\/div>\n\n\n\n<div class=\"wp-block-media-text is-stacked-on-mobile has-small-font-size\" style=\"margin-top:0;margin-bottom:0;padding-top:0;padding-right:0;padding-bottom:0;padding-left:0;grid-template-columns:15% auto\"><figure class=\"wp-block-media-text__media\"><img loading=\"lazy\" decoding=\"async\" width=\"64\" height=\"64\" src=\"https:\/\/hydyam.com\/wp-content\/uploads\/2025\/02\/gps.png\" alt=\"\" class=\"wp-image-179 size-full\" srcset=\"https:\/\/hydyam.com\/wp-content\/uploads\/2025\/02\/gps.png 64w, https:\/\/hydyam.com\/wp-content\/uploads\/2025\/02\/gps-12x12.png 12w\" sizes=\"auto, (max-width: 64px) 100vw, 64px\" \/><\/figure><div class=\"wp-block-media-text__content\">\n<div class=\"wp-block-group is-layout-constrained wp-block-group-is-layout-constrained\">\n<div class=\"wp-block-group is-layout-constrained wp-block-group-is-layout-constrained\">\n<p class=\"has-small-font-size\"><strong>168, route Japoma, Douala, Cameroon<\/strong><\/p>\n\n\n\n<p class=\"has-cyan-bluish-gray-color has-text-color has-link-color wp-elements-8990219c40321178035b039ada4fee4d\">Nos locaux<\/p>\n<\/div>\n<\/div>\n<\/div><\/div>\n<\/div>\n\n\n\n<div class=\"wp-block-group alignwide is-content-justification-center is-layout-flex wp-container-core-group-is-layout-c124d1c4 wp-block-group-is-layout-flex\">\n<p class=\"has-text-align-center has-medium-font-size\">Copyright 2025 HYDYAM FORAGES Sarl, All rights reserved.<\/p>\n<\/div>\n<\/div>\n","protected":false},"excerpt":{"rendered":"<p>Nos r\u00e9alisations D\u00e9couvrez en image quelques unes de nos r\u00e9alisations.<\/p>\n","protected":false},"author":1,"featured_media":0,"parent":0,"menu_order":0,"comment_status":"closed","ping_status":"closed","template":"","meta":{"site-sidebar-layout":"default","site-content-layout":"","ast-site-content-layout":"","site-content-style":"default","site-sidebar-style":"default","ast-global-header-display":"","ast-banner-title-visibility":"","ast-main-header-display":"","ast-hfb-above-header-display":"","ast-hfb-below-header-display":"","ast-hfb-mobile-header-display":"","site-post-title":"disabled","ast-breadcrumbs-content":"","ast-featured-img":"","footer-sml-layout":"","ast-disable-related-posts":"","theme-transparent-header-meta":"","adv-header-id-meta":"","stick-header-meta":"","header-above-stick-meta":"","header-main-stick-meta":"","header-below-stick-meta":"","astra-migrate-meta-layouts":"default","ast-page-background-enabled":"default","ast-page-background-meta":{"desktop":{"background-color":"var(--ast-global-color-5)","background-image":"","background-repeat":"repeat","background-position":"center center","background-size":"auto","background-attachment":"scroll","background-type":"","background-media":"","overlay-type":"","overlay-color":"","overlay-opacity":"","overlay-gradient":""},"tablet":{"background-color":"","background-image":"","background-repeat":"repeat","background-position":"center center","background-size":"auto","background-attachment":"scroll","background-type":"","background-media":"","overlay-type":"","overlay-color":"","overlay-opacity":"","overlay-gradient":""},"mobile":{"background-color":"","background-image":"","background-repeat":"repeat","background-position":"center center","background-size":"auto","background-attachment":"scroll","background-type":"","background-media":"","overlay-type":"","overlay-color":"","overlay-opacity":"","overlay-gradient":""}},"ast-content-background-meta":{"desktop":{"background-color":"var(--ast-global-color-4)","background-image":"","background-repeat":"repeat","background-position":"center center","background-size":"auto","background-attachment":"scroll","background-type":"","background-media":"","overlay-type":"","overlay-color":"","overlay-opacity":"","overlay-gradient":""},"tablet":{"background-color":"var(--ast-global-color-4)","background-image":"","background-repeat":"repeat","background-position":"center center","background-size":"auto","background-attachment":"scroll","background-type":"","background-media":"","overlay-type":"","overlay-color":"","overlay-opacity":"","overlay-gradient":""},"mobile":{"background-color":"var(--ast-global-color-4)","background-image":"","background-repeat":"repeat","background-position":"center center","background-size":"auto","background-attachment":"scroll","background-type":"","background-media":"","overlay-type":"","overlay-color":"","overlay-opacity":"","overlay-gradient":""}},"footnotes":""},"class_list":["post-282","page","type-page","status-publish","hentry"],"brizy_media":[],"_links":{"self":[{"href":"https:\/\/hydyam.com\/index.php?rest_route=\/wp\/v2\/pages\/282","targetHints":{"allow":["GET"]}}],"collection":[{"href":"https:\/\/hydyam.com\/index.php?rest_route=\/wp\/v2\/pages"}],"about":[{"href":"https:\/\/hydyam.com\/index.php?rest_route=\/wp\/v2\/types\/page"}],"author":[{"embeddable":true,"href":"https:\/\/hydyam.com\/index.php?rest_route=\/wp\/v2\/users\/1"}],"replies":[{"embeddable":true,"href":"https:\/\/hydyam.com\/index.php?rest_route=%2Fwp%2Fv2%2Fcomments&post=282"}],"version-history":[{"count":5,"href":"https:\/\/hydyam.com\/index.php?rest_route=\/wp\/v2\/pages\/282\/revisions"}],"predecessor-version":[{"id":299,"href":"https:\/\/hydyam.com\/index.php?rest_route=\/wp\/v2\/pages\/282\/revisions\/299"}],"wp:attachment":[{"href":"https:\/\/hydyam.com\/index.php?rest_route=%2Fwp%2Fv2%2Fmedia&parent=282"}],"curies":[{"name":"wp","href":"https:\/\/api.w.org\/{rel}","templated":true}]}}