{"id":2,"date":"2025-01-16T14:10:33","date_gmt":"2025-01-16T14:10:33","guid":{"rendered":"https:\/\/hydyam.com\/?page_id=2"},"modified":"2025-02-10T14:31:16","modified_gmt":"2025-02-10T14:31:16","slug":"sample-page","status":"publish","type":"page","link":"https:\/\/hydyam.com\/?page_id=2","title":{"rendered":"Demander un devis"},"content":{"rendered":"\n<div class=\"wp-block-columns is-layout-flex wp-container-core-columns-is-layout-cf05694f wp-block-columns-is-layout-flex\">\n<div class=\"wp-block-column is-layout-flow wp-block-column-is-layout-flow\" style=\"border-radius:0px;padding-right:var(--wp--preset--spacing--30);padding-left:var(--wp--preset--spacing--30);box-shadow:var(--wp--preset--shadow--deep);flex-basis:800px\"><style id=\"wpforms-css-vars-132\">\n\t\t\t\t#wpforms-132 {\n\t\t\t\t\n\t\t\t}\n\t\t\t<\/style><div class=\"wpforms-container wpforms-container-full wpforms-render-modern\" id=\"wpforms-132\"><form id=\"wpforms-form-132\" class=\"wpforms-validate wpforms-form wpforms-ajax-form\" data-formid=\"132\" method=\"post\" enctype=\"multipart\/form-data\" action=\"\/index.php?rest_route=%2Fwp%2Fv2%2Fpages%2F2\" data-token=\"22648c767532f70a18e35016369c5e9d\" data-token-time=\"1776518831\"><noscript class=\"wpforms-error-noscript\">Please enable JavaScript in your browser to complete this form.<\/noscript><div id=\"wpforms-error-noscript\" style=\"display: none;\">Please enable JavaScript in your browser to complete this form.<\/div><div class=\"wpforms-field-container\"><div id=\"wpforms-132-field_1-container\" class=\"wpforms-field wpforms-field-name\" data-field-id=\"1\"><label class=\"wpforms-field-label\" for=\"wpforms-132-field_1\">Nom <span class=\"wpforms-required-label\" aria-hidden=\"true\">*<\/span><\/label><input type=\"text\" id=\"wpforms-132-field_1\" class=\"wpforms-field-medium wpforms-field-required\" name=\"wpforms[fields][1]\" aria-errormessage=\"wpforms-132-field_1-error\" required><\/div><div id=\"wpforms-132-field_9-container\" class=\"wpforms-field wpforms-field-name\" data-field-id=\"9\"><label class=\"wpforms-field-label\" for=\"wpforms-132-field_9\">Pr\u00e9nom <span class=\"wpforms-required-label\" aria-hidden=\"true\">*<\/span><\/label><input type=\"text\" id=\"wpforms-132-field_9\" class=\"wpforms-field-medium wpforms-field-required\" name=\"wpforms[fields][9]\" aria-errormessage=\"wpforms-132-field_9-error\" required><\/div><div id=\"wpforms-132-field_2-container\" class=\"wpforms-field wpforms-field-email\" data-field-id=\"2\"><label class=\"wpforms-field-label\" for=\"wpforms-132-field_2\">Email <span class=\"wpforms-required-label\" aria-hidden=\"true\">*<\/span><\/label><input type=\"email\" id=\"wpforms-132-field_2\" class=\"wpforms-field-medium wpforms-field-required\" name=\"wpforms[fields][2]\" spellcheck=\"false\" aria-errormessage=\"wpforms-132-field_2-error\" required><\/div><div id=\"wpforms-132-field_13-container\" class=\"wpforms-field wpforms-field-number\" data-field-id=\"13\"><label class=\"wpforms-field-label\" for=\"wpforms-132-field_13\">Num\u00e9ro de t\u00e9l\u00e9phone <span class=\"wpforms-required-label\" aria-hidden=\"true\">*<\/span><\/label><input type=\"number\" id=\"wpforms-132-field_13\" class=\"wpforms-field-large wpforms-field-required\" name=\"wpforms[fields][13]\" placeholder=\"123456789\" step=\"any\" aria-errormessage=\"wpforms-132-field_13-error\" required><\/div>\t\t<div id=\"wpforms-132-field_3-container\"\n\t\t\tclass=\"wpforms-field wpforms-field-text\"\n\t\t\tdata-field-type=\"text\"\n\t\t\tdata-field-id=\"3\"\n\t\t\t>\n\t\t\t<label class=\"wpforms-field-label\" for=\"wpforms-132-field_3\" >Num\u00e9ro Pr\u00e9nom service<\/label>\n\t\t\t<input type=\"text\" id=\"wpforms-132-field_3\" class=\"wpforms-field-medium\" name=\"wpforms[fields][3]\" >\n\t\t<\/div>\n\t\t<div id=\"wpforms-132-field_4-container\" class=\"wpforms-field wpforms-field-checkbox\" data-field-id=\"4\"><fieldset><legend class=\"wpforms-field-label\">Quel service sollicitez-vous ? <span class=\"wpforms-required-label\" aria-hidden=\"true\">*<\/span><\/legend><ul id=\"wpforms-132-field_4\" class=\"wpforms-field-required\"><li class=\"choice-1 depth-1\"><input type=\"checkbox\" id=\"wpforms-132-field_4_1\" name=\"wpforms[fields][4][]\" value=\"R\u00e9alisation de forage d&#039;eau potable\" aria-errormessage=\"wpforms-132-field_4_1-error\" required ><label class=\"wpforms-field-label-inline\" for=\"wpforms-132-field_4_1\">R\u00e9alisation de forage d'eau potable<\/label><\/li><li class=\"choice-2 depth-1\"><input type=\"checkbox\" id=\"wpforms-132-field_4_2\" name=\"wpforms[fields][4][]\" value=\"Analyse de la qualit\u00e9 et traitement des eaux\" aria-errormessage=\"wpforms-132-field_4_2-error\" required ><label class=\"wpforms-field-label-inline\" for=\"wpforms-132-field_4_2\">Analyse de la qualit\u00e9 et traitement des eaux<\/label><\/li><li class=\"choice-3 depth-1\"><input type=\"checkbox\" id=\"wpforms-132-field_4_3\" name=\"wpforms[fields][4][]\" value=\"Etudes hydrologiques et g\u00e9ophysiques\" aria-errormessage=\"wpforms-132-field_4_3-error\" required ><label class=\"wpforms-field-label-inline\" for=\"wpforms-132-field_4_3\">Etudes hydrologiques et g\u00e9ophysiques<\/label><\/li><\/ul><\/fieldset><\/div><script>\n\t\t\t\t( function() {\n\t\t\t\t\tconst style = document.createElement( 'style' );\n\t\t\t\t\tstyle.appendChild( document.createTextNode( '#wpforms-132-field_3-container { position: absolute !important; overflow: hidden !important; display: inline !important; height: 1px !important; width: 1px !important; z-index: -1000 !important; padding: 0 !important; } #wpforms-132-field_3-container input { visibility: hidden; } #wpforms-conversational-form-page #wpforms-132-field_3-container label { counter-increment: none; }' ) );\n\t\t\t\t\tdocument.head.appendChild( style );\n\t\t\t\t\tdocument.currentScript?.remove();\n\t\t\t\t} )();\n\t\t\t<\/script><\/div><!-- .wpforms-field-container --><div class=\"wpforms-submit-container\" ><input type=\"hidden\" name=\"wpforms[id]\" value=\"132\"><input type=\"hidden\" name=\"page_title\" value=\"\"><input type=\"hidden\" name=\"page_url\" value=\"https:\/\/hydyam.com\/index.php?rest_route=\/wp\/v2\/pages\/2\"><input type=\"hidden\" name=\"url_referer\" value=\"\"><button type=\"submit\" name=\"wpforms[submit]\" id=\"wpforms-submit-132\" class=\"wpforms-submit\" data-alt-text=\"Envoi en cours...\" data-submit-text=\"Envoyer la demande\" aria-live=\"assertive\" value=\"wpforms-submit\">Envoyer la demande<\/button><img loading=\"lazy\" decoding=\"async\" src=\"https:\/\/hydyam.com\/wp-content\/plugins\/wpforms-lite\/assets\/images\/submit-spin.svg\" class=\"wpforms-submit-spinner\" style=\"display: none;\" width=\"26\" height=\"26\" alt=\"Loading\"><\/div><\/form><\/div>  <!-- .wpforms-container -->\n<\/div>\n\n\n\n<div class=\"wp-block-column has-border-color is-layout-flow wp-block-column-is-layout-flow\" style=\"border-color:var(--ast-global-color-5);border-radius:15px;box-shadow:var(--wp--preset--shadow--deep);flex-basis:550px\">\n<h1 class=\"wp-block-heading has-text-align-center has-ast-global-color-5-color has-vivid-red-background-color has-text-color has-background has-link-color wp-elements-52c5d1fc61a85b6815188e3ffcf770c6\" style=\"font-size:25px\"><strong>Nos Contacts<\/strong><\/h1>\n\n\n<div\n\t\t\t\n\t\t\tclass=\"so-widget-sow-accordion so-widget-sow-accordion-default-ce9d82d20a3b\"\n\t\t\t\n\t\t><div>\n\t<div class=\"sow-accordion\">\n\t\t\t<div class=\"sow-accordion-panel\n\t\t sow-accordion-panel-open\t\t\t\"\n\t\t\t\tdata-anchor-id=\"siege-social\">\n\t\t\t\t\t<div class=\"sow-accordion-panel-header-container\" role=\"heading\" aria-level=\"2\">\n\t\t\t\t\t<div class=\"sow-accordion-panel-header\" tabindex=\"0\" role=\"button\" id=\"accordion-label-si%c3%a8ge-social\" aria-controls=\"accordion-content-si%c3%a8ge-social\" aria-expanded=\"true\">\n\t\t\t\t\t\t<div class=\"sow-accordion-title sow-accordion-title-icon-left\">\n\t\t\t\t\t\t\t\t\t\t\t\t\t\tSi\u00e8ge social\t\t\t\t\t\t\t\t\t\t\t\t\t<\/div>\n\t\t\t\t\t\t<div class=\"sow-accordion-open-close-button\">\n\t\t\t\t\t\t\t<div class=\"sow-accordion-open-button\">\n\t\t\t\t\t\t\t\t<span class=\"sow-icon-ionicons\" data-sow-icon=\"&#xf218;\"\n\t\t \n\t\taria-hidden=\"true\"><\/span>\t\t\t\t\t\t\t<\/div>\n\t\t\t\t\t\t\t<div class=\"sow-accordion-close-button\">\n\t\t\t\t\t\t\t\t<span class=\"sow-icon-ionicons\" data-sow-icon=\"&#xf209;\"\n\t\t \n\t\taria-hidden=\"true\"><\/span>\t\t\t\t\t\t\t<\/div>\n\t\t\t\t\t\t<\/div>\n\t\t\t\t\t<\/div>\n\t\t\t\t<\/div>\n\n\t\t\t<div\n\t\t\t\tclass=\"sow-accordion-panel-content\"\n\t\t\t\trole=\"region\"\n\t\t\t\taria-labelledby=\"accordion-label-si%c3%a8ge-social\"\n\t\t\t\tid=\"accordion-content-si%c3%a8ge-social\"\n\t\t\t\t\t\t\t>\n\t\t\t\t<div class=\"sow-accordion-panel-border\">\n\t\t\t\t\t<p><img loading=\"lazy\" decoding=\"async\" class=\"alignnone size-full wp-image-242\" src=\"https:\/\/hydyam.com\/wp-content\/uploads\/2025\/02\/address.png\" alt=\"\" width=\"32\" height=\"32\" srcset=\"https:\/\/hydyam.com\/wp-content\/uploads\/2025\/02\/address.png 32w, https:\/\/hydyam.com\/wp-content\/uploads\/2025\/02\/address-12x12.png 12w\" sizes=\"auto, (max-width: 32px) 100vw, 32px\" \/>\u00a0<\/p>\n<p>168, route Japoma(Ndogsimbi; \u00e0 c\u00f4t\u00e9 de la station GULFIN oil), Douala, Cameroon<\/p>\n\t\t\t\t<\/div>\n\t\t\t<\/div>\n\t\t<\/div>\n\t\t\t<div class=\"sow-accordion-panel\n\t\t sow-accordion-panel-open\t\t\t\"\n\t\t\t\tdata-anchor-id=\"telephone\">\n\t\t\t\t\t<div class=\"sow-accordion-panel-header-container\" role=\"heading\" aria-level=\"2\">\n\t\t\t\t\t<div class=\"sow-accordion-panel-header\" tabindex=\"0\" role=\"button\" id=\"accordion-label-t%c3%a9l%c3%a9phone\" aria-controls=\"accordion-content-t%c3%a9l%c3%a9phone\" aria-expanded=\"true\">\n\t\t\t\t\t\t<div class=\"sow-accordion-title sow-accordion-title-icon-left\">\n\t\t\t\t\t\t\t\t\t\t\t\t\t\tT\u00e9l\u00e9phone\t\t\t\t\t\t\t\t\t\t\t\t\t<\/div>\n\t\t\t\t\t\t<div class=\"sow-accordion-open-close-button\">\n\t\t\t\t\t\t\t<div class=\"sow-accordion-open-button\">\n\t\t\t\t\t\t\t\t<span class=\"sow-icon-ionicons\" data-sow-icon=\"&#xf218;\"\n\t\t \n\t\taria-hidden=\"true\"><\/span>\t\t\t\t\t\t\t<\/div>\n\t\t\t\t\t\t\t<div class=\"sow-accordion-close-button\">\n\t\t\t\t\t\t\t\t<span class=\"sow-icon-ionicons\" data-sow-icon=\"&#xf209;\"\n\t\t \n\t\taria-hidden=\"true\"><\/span>\t\t\t\t\t\t\t<\/div>\n\t\t\t\t\t\t<\/div>\n\t\t\t\t\t<\/div>\n\t\t\t\t<\/div>\n\n\t\t\t<div\n\t\t\t\tclass=\"sow-accordion-panel-content\"\n\t\t\t\trole=\"region\"\n\t\t\t\taria-labelledby=\"accordion-label-t%c3%a9l%c3%a9phone\"\n\t\t\t\tid=\"accordion-content-t%c3%a9l%c3%a9phone\"\n\t\t\t\t\t\t\t>\n\t\t\t\t<div class=\"sow-accordion-panel-border\">\n\t\t\t\t\t<p><img loading=\"lazy\" decoding=\"async\" class=\"alignnone size-full wp-image-243\" src=\"https:\/\/hydyam.com\/wp-content\/uploads\/2025\/02\/phone.png\" alt=\"\" width=\"32\" height=\"32\" srcset=\"https:\/\/hydyam.com\/wp-content\/uploads\/2025\/02\/phone.png 32w, https:\/\/hydyam.com\/wp-content\/uploads\/2025\/02\/phone-12x12.png 12w\" sizes=\"auto, (max-width: 32px) 100vw, 32px\" \/>\u00a0 \u00a0 (+237) 674 38 81 88<\/p>\n\t\t\t\t<\/div>\n\t\t\t<\/div>\n\t\t<\/div>\n\t\t\t<div class=\"sow-accordion-panel\n\t\t sow-accordion-panel-open\t\t\t\"\n\t\t\t\tdata-anchor-id=\"e-mail\">\n\t\t\t\t\t<div class=\"sow-accordion-panel-header-container\" role=\"heading\" aria-level=\"2\">\n\t\t\t\t\t<div class=\"sow-accordion-panel-header\" tabindex=\"0\" role=\"button\" id=\"accordion-label-e-mail\" aria-controls=\"accordion-content-e-mail\" aria-expanded=\"true\">\n\t\t\t\t\t\t<div class=\"sow-accordion-title sow-accordion-title-icon-left\">\n\t\t\t\t\t\t\t\t\t\t\t\t\t\tE-Mail\t\t\t\t\t\t\t\t\t\t\t\t\t<\/div>\n\t\t\t\t\t\t<div class=\"sow-accordion-open-close-button\">\n\t\t\t\t\t\t\t<div class=\"sow-accordion-open-button\">\n\t\t\t\t\t\t\t\t<span class=\"sow-icon-ionicons\" data-sow-icon=\"&#xf218;\"\n\t\t \n\t\taria-hidden=\"true\"><\/span>\t\t\t\t\t\t\t<\/div>\n\t\t\t\t\t\t\t<div class=\"sow-accordion-close-button\">\n\t\t\t\t\t\t\t\t<span class=\"sow-icon-ionicons\" data-sow-icon=\"&#xf209;\"\n\t\t \n\t\taria-hidden=\"true\"><\/span>\t\t\t\t\t\t\t<\/div>\n\t\t\t\t\t\t<\/div>\n\t\t\t\t\t<\/div>\n\t\t\t\t<\/div>\n\n\t\t\t<div\n\t\t\t\tclass=\"sow-accordion-panel-content\"\n\t\t\t\trole=\"region\"\n\t\t\t\taria-labelledby=\"accordion-label-e-mail\"\n\t\t\t\tid=\"accordion-content-e-mail\"\n\t\t\t\t\t\t\t>\n\t\t\t\t<div class=\"sow-accordion-panel-border\">\n\t\t\t\t\t<p><img loading=\"lazy\" decoding=\"async\" class=\"alignnone size-full wp-image-244\" src=\"https:\/\/hydyam.com\/wp-content\/uploads\/2025\/02\/email.png\" alt=\"\" width=\"32\" height=\"32\" srcset=\"https:\/\/hydyam.com\/wp-content\/uploads\/2025\/02\/email.png 32w, https:\/\/hydyam.com\/wp-content\/uploads\/2025\/02\/email-12x12.png 12w\" sizes=\"auto, (max-width: 32px) 100vw, 32px\" \/>\u00a0 \u00a0 info@hydyam.com<\/p>\n\t\t\t\t<\/div>\n\t\t\t<\/div>\n\t\t<\/div>\n\t\t<\/div>\n<\/div>\n<\/div><\/div>\n<\/div>\n\n\n\n<div class=\"wp-block-group alignfull has-background-color has-white-color has-ast-global-color-2-background-color has-text-color has-background has-link-color wp-elements-e6ed742e9ead14a53f9d4218c476a6b5 is-vertical is-content-justification-center is-layout-flex wp-container-core-group-is-layout-25684123 wp-block-group-is-layout-flex\" style=\"min-height:40vh;margin-top:0;margin-bottom:0;padding-top:var(--wp--preset--spacing--60);padding-right:var(--wp--preset--spacing--40);padding-bottom:var(--wp--preset--spacing--60);padding-left:var(--wp--preset--spacing--40)\">\n<div class=\"wp-block-columns alignwide has-small-font-size is-layout-flex wp-container-core-columns-is-layout-28f84493 wp-block-columns-is-layout-flex\">\n<div class=\"wp-block-column is-layout-flow wp-block-column-is-layout-flow\">\n<figure class=\"wp-block-image size-full is-resized\"><img loading=\"lazy\" decoding=\"async\" width=\"648\" height=\"700\" src=\"https:\/\/hydyam.com\/wp-content\/uploads\/2025\/01\/Logo.jpg\" alt=\"\" class=\"wp-image-21\" style=\"width:116px;height:auto\" srcset=\"https:\/\/hydyam.com\/wp-content\/uploads\/2025\/01\/Logo.jpg 648w, https:\/\/hydyam.com\/wp-content\/uploads\/2025\/01\/Logo-278x300.jpg 278w, https:\/\/hydyam.com\/wp-content\/uploads\/2025\/01\/Logo-11x12.jpg 11w\" sizes=\"auto, (max-width: 648px) 100vw, 648px\" \/><\/figure>\n\n\n\n<p class=\"has-text-align-left\">Notre \u00e9quipe de professionnels exp\u00e9riment\u00e9s vous accompagne dans vos projets. Avec HYDYAM FORAGES, vous \u00eates certains de b\u00e9n\u00e9ficier d\u2019une eau potable saine et abondante.<\/p>\n\n\n\n<div class=\"wp-block-group is-nowrap is-layout-flex wp-container-core-group-is-layout-6c531013 wp-block-group-is-layout-flex\">\n<figure class=\"wp-block-image size-full wp-duotone-000000-var--ast-global-color-5-1\"><a href=\"https:\/\/web.facebook.com\/hydamforages\/?locale=fr_FR&amp;_rdc=1&amp;_rdr#\" target=\"_blank\" rel=\" noreferrer noopener\"><img loading=\"lazy\" decoding=\"async\" width=\"32\" height=\"32\" src=\"https:\/\/hydyam.com\/wp-content\/uploads\/2025\/02\/facebook.png\" alt=\"\" class=\"wp-image-195\" srcset=\"https:\/\/hydyam.com\/wp-content\/uploads\/2025\/02\/facebook.png 32w, https:\/\/hydyam.com\/wp-content\/uploads\/2025\/02\/facebook-12x12.png 12w\" sizes=\"auto, (max-width: 32px) 100vw, 32px\" \/><\/a><\/figure>\n\n\n\n<figure class=\"wp-block-image size-full wp-duotone-000000-var--ast-global-color-5-2\"><img loading=\"lazy\" decoding=\"async\" width=\"32\" height=\"32\" src=\"https:\/\/hydyam.com\/wp-content\/uploads\/2025\/02\/instagram.png\" alt=\"\" class=\"wp-image-194\" srcset=\"https:\/\/hydyam.com\/wp-content\/uploads\/2025\/02\/instagram.png 32w, https:\/\/hydyam.com\/wp-content\/uploads\/2025\/02\/instagram-12x12.png 12w\" sizes=\"auto, (max-width: 32px) 100vw, 32px\" \/><\/figure>\n\n\n\n<figure class=\"wp-block-image size-full\"><a href=\"https:\/\/cm.linkedin.com\/company\/hydyam-forages-sarl\" target=\"_blank\" rel=\" noreferrer noopener\"><img loading=\"lazy\" decoding=\"async\" width=\"32\" height=\"32\" src=\"https:\/\/hydyam.com\/wp-content\/uploads\/2025\/02\/linkedin-1.png\" alt=\"\" class=\"wp-image-197\" srcset=\"https:\/\/hydyam.com\/wp-content\/uploads\/2025\/02\/linkedin-1.png 32w, https:\/\/hydyam.com\/wp-content\/uploads\/2025\/02\/linkedin-1-12x12.png 12w\" sizes=\"auto, (max-width: 32px) 100vw, 32px\" \/><\/a><\/figure>\n<\/div>\n<\/div>\n\n\n\n<div class=\"wp-block-column is-layout-flow wp-block-column-is-layout-flow\">\n<p class=\"has-text-align-center has-medium-font-size\"><strong>Nos Services<\/strong><\/p>\n\n\n\n<ul class=\"wp-block-list\">\n<li><a href=\"https:\/\/hydyam.com\/?page_id=404\" data-type=\"page\" data-id=\"404\">R\u00e9alisation de forages d&#8217;eau potable<\/a><\/li>\n\n\n\n<li><a href=\"https:\/\/hydyam.com\/?page_id=417\" data-type=\"page\" data-id=\"417\">Analyse de la qualit\u00e9 et traitement des eaux<\/a><\/li>\n\n\n\n<li><a href=\"https:\/\/hydyam.com\/?page_id=424\" data-type=\"page\" data-id=\"424\">Etudes hydrologiques et hydrauliques<\/a><\/li>\n\n\n\n<li><a href=\"https:\/\/hydyam.com\/?page_id=430\" data-type=\"page\" data-id=\"430\">Etudes hydrog\u00e9ologiques et g\u00e9ophysiques<\/a><\/li>\n<\/ul>\n<\/div>\n\n\n\n<div class=\"wp-block-column is-layout-flow wp-block-column-is-layout-flow\">\n<p class=\"has-text-align-center has-medium-font-size\"><strong>T\u00e9l\u00e9charger notre Plaquette<\/strong><\/p>\n\n\n\n<div class=\"wp-block-group is-vertical is-content-justification-center is-layout-flex wp-container-core-group-is-layout-0e868306 wp-block-group-is-layout-flex\">\n<p class=\"has-cyan-bluish-gray-color has-text-color has-link-color wp-elements-0edfb14cf4c085d217eca6af63027645\">D\u00e9couvrez dans notre plaquette les d\u00e9tails de nos proc\u00e9d\u00e9s et de notre m\u00e9thodologie, respectant ainsi les normes en vigueur.<\/p>\n\n\n\n<p class=\"has-text-align-left has-cyan-bluish-gray-color has-text-color has-link-color wp-elements-530e95cd62041c6aadac1f34916d6c87\"><strong><a href=\"https:\/\/hydyam.com\/?page_id=404\" data-type=\"page\" data-id=\"404\">Plaquette HYDYAM<\/a><\/strong><\/p>\n<\/div>\n\n\n\n<div style=\"height:24px\" aria-hidden=\"true\" class=\"wp-block-spacer\"><\/div>\n<\/div>\n<\/div>\n\n\n\n<div class=\"wp-block-group has-medium-font-size is-horizontal is-content-justification-space-between is-nowrap is-layout-flex wp-container-core-group-is-layout-60acd404 wp-block-group-is-layout-flex\" style=\"margin-top:0;margin-bottom:0\">\n<div class=\"wp-block-media-text is-stacked-on-mobile has-small-font-size\" style=\"grid-template-columns:19% auto\"><figure class=\"wp-block-media-text__media\"><img loading=\"lazy\" decoding=\"async\" width=\"64\" height=\"64\" src=\"https:\/\/hydyam.com\/wp-content\/uploads\/2025\/02\/e-mail.png\" alt=\"\" class=\"wp-image-177 size-full\" srcset=\"https:\/\/hydyam.com\/wp-content\/uploads\/2025\/02\/e-mail.png 64w, https:\/\/hydyam.com\/wp-content\/uploads\/2025\/02\/e-mail-12x12.png 12w\" sizes=\"auto, (max-width: 64px) 100vw, 64px\" \/><\/figure><div class=\"wp-block-media-text__content\">\n<p>info@hydyam.com<\/p>\n\n\n\n<p class=\"has-cyan-bluish-gray-color has-text-color has-link-color wp-elements-e9f4b1aff01fcaf733d3915f0b67f78c\">Envoyez-nous un message<\/p>\n<\/div><\/div>\n\n\n\n<div class=\"wp-block-media-text is-stacked-on-mobile has-small-font-size\" style=\"grid-template-columns:24% auto\"><figure class=\"wp-block-media-text__media\"><img loading=\"lazy\" decoding=\"async\" width=\"64\" height=\"64\" src=\"https:\/\/hydyam.com\/wp-content\/uploads\/2025\/02\/appel-telephonique.png\" alt=\"\" class=\"wp-image-178 size-full\" srcset=\"https:\/\/hydyam.com\/wp-content\/uploads\/2025\/02\/appel-telephonique.png 64w, https:\/\/hydyam.com\/wp-content\/uploads\/2025\/02\/appel-telephonique-12x12.png 12w\" sizes=\"auto, (max-width: 64px) 100vw, 64px\" \/><\/figure><div class=\"wp-block-media-text__content\">\n<p>+237 674 38 81 88<\/p>\n\n\n\n<p class=\"has-cyan-bluish-gray-color has-text-color has-link-color wp-elements-874ca1decaae551c341bb08a10b672af\">Appelez-nous<\/p>\n<\/div><\/div>\n\n\n\n<div class=\"wp-block-media-text is-stacked-on-mobile has-small-font-size\" style=\"margin-top:0;margin-bottom:0;padding-top:0;padding-right:0;padding-bottom:0;padding-left:0;grid-template-columns:15% auto\"><figure class=\"wp-block-media-text__media\"><img loading=\"lazy\" decoding=\"async\" width=\"64\" height=\"64\" src=\"https:\/\/hydyam.com\/wp-content\/uploads\/2025\/02\/gps.png\" alt=\"\" class=\"wp-image-179 size-full\" srcset=\"https:\/\/hydyam.com\/wp-content\/uploads\/2025\/02\/gps.png 64w, https:\/\/hydyam.com\/wp-content\/uploads\/2025\/02\/gps-12x12.png 12w\" sizes=\"auto, (max-width: 64px) 100vw, 64px\" \/><\/figure><div class=\"wp-block-media-text__content\">\n<div class=\"wp-block-group is-layout-constrained wp-block-group-is-layout-constrained\">\n<div class=\"wp-block-group is-layout-constrained wp-block-group-is-layout-constrained\">\n<p class=\"has-small-font-size\"><strong>168, route Japoma, Douala, Cameroon<\/strong><\/p>\n\n\n\n<p class=\"has-cyan-bluish-gray-color has-text-color has-link-color wp-elements-8990219c40321178035b039ada4fee4d\">Nos locaux<\/p>\n<\/div>\n<\/div>\n<\/div><\/div>\n<\/div>\n\n\n\n<div class=\"wp-block-group alignwide is-content-justification-center is-layout-flex wp-container-core-group-is-layout-c124d1c4 wp-block-group-is-layout-flex\">\n<p class=\"has-text-align-center has-medium-font-size\">Copyright 2025 HYDYAM FORAGES Sarl, All rights reserved.<\/p>\n<\/div>\n<\/div>\n","protected":false},"excerpt":{"rendered":"<p>Nos Contacts<\/p>\n","protected":false},"author":1,"featured_media":0,"parent":0,"menu_order":0,"comment_status":"closed","ping_status":"open","template":"","meta":{"site-sidebar-layout":"default","site-content-layout":"","ast-site-content-layout":"","site-content-style":"default","site-sidebar-style":"default","ast-global-header-display":"","ast-banner-title-visibility":"","ast-main-header-display":"","ast-hfb-above-header-display":"","ast-hfb-below-header-display":"","ast-hfb-mobile-header-display":"","site-post-title":"disabled","ast-breadcrumbs-content":"","ast-featured-img":"","footer-sml-layout":"","ast-disable-related-posts":"","theme-transparent-header-meta":"","adv-header-id-meta":"","stick-header-meta":"","header-above-stick-meta":"","header-main-stick-meta":"","header-below-stick-meta":"","astra-migrate-meta-layouts":"default","ast-page-background-enabled":"default","ast-page-background-meta":{"desktop":{"background-color":"var(--ast-global-color-5)","background-image":"","background-repeat":"repeat","background-position":"center center","background-size":"auto","background-attachment":"scroll","background-type":"","background-media":"","overlay-type":"","overlay-color":"","overlay-opacity":"","overlay-gradient":""},"tablet":{"background-color":"","background-image":"","background-repeat":"repeat","background-position":"center center","background-size":"auto","background-attachment":"scroll","background-type":"","background-media":"","overlay-type":"","overlay-color":"","overlay-opacity":"","overlay-gradient":""},"mobile":{"background-color":"","background-image":"","background-repeat":"repeat","background-position":"center center","background-size":"auto","background-attachment":"scroll","background-type":"","background-media":"","overlay-type":"","overlay-color":"","overlay-opacity":"","overlay-gradient":""}},"ast-content-background-meta":{"desktop":{"background-color":"var(--ast-global-color-4)","background-image":"","background-repeat":"repeat","background-position":"center center","background-size":"auto","background-attachment":"scroll","background-type":"","background-media":"","overlay-type":"","overlay-color":"","overlay-opacity":"","overlay-gradient":""},"tablet":{"background-color":"var(--ast-global-color-4)","background-image":"","background-repeat":"repeat","background-position":"center center","background-size":"auto","background-attachment":"scroll","background-type":"","background-media":"","overlay-type":"","overlay-color":"","overlay-opacity":"","overlay-gradient":""},"mobile":{"background-color":"var(--ast-global-color-4)","background-image":"","background-repeat":"repeat","background-position":"center center","background-size":"auto","background-attachment":"scroll","background-type":"","background-media":"","overlay-type":"","overlay-color":"","overlay-opacity":"","overlay-gradient":""}},"footnotes":""},"class_list":["post-2","page","type-page","status-publish","hentry"],"brizy_media":[],"_links":{"self":[{"href":"https:\/\/hydyam.com\/index.php?rest_route=\/wp\/v2\/pages\/2","targetHints":{"allow":["GET"]}}],"collection":[{"href":"https:\/\/hydyam.com\/index.php?rest_route=\/wp\/v2\/pages"}],"about":[{"href":"https:\/\/hydyam.com\/index.php?rest_route=\/wp\/v2\/types\/page"}],"author":[{"embeddable":true,"href":"https:\/\/hydyam.com\/index.php?rest_route=\/wp\/v2\/users\/1"}],"replies":[{"embeddable":true,"href":"https:\/\/hydyam.com\/index.php?rest_route=%2Fwp%2Fv2%2Fcomments&post=2"}],"version-history":[{"count":6,"href":"https:\/\/hydyam.com\/index.php?rest_route=\/wp\/v2\/pages\/2\/revisions"}],"predecessor-version":[{"id":325,"href":"https:\/\/hydyam.com\/index.php?rest_route=\/wp\/v2\/pages\/2\/revisions\/325"}],"wp:attachment":[{"href":"https:\/\/hydyam.com\/index.php?rest_route=%2Fwp%2Fv2%2Fmedia&parent=2"}],"curies":[{"name":"wp","href":"https:\/\/api.w.org\/{rel}","templated":true}]}}